{"id":176,"date":"2023-06-29T13:49:44","date_gmt":"2023-06-29T13:49:44","guid":{"rendered":"https:\/\/qkilpos.net\/?page_id=176"},"modified":"2023-10-17T15:57:35","modified_gmt":"2023-10-17T15:57:35","slug":"naujienos-news","status":"publish","type":"page","link":"https:\/\/qkilpos.net\/?page_id=176","title":{"rendered":"Naujienos"},"content":{"rendered":"\n<figure class=\"wp-block-embed is-type-wp-embed is-provider-qkilpos-net wp-block-embed-qkilpos-net\"><div class=\"wp-block-embed__wrapper\">\n<blockquote class=\"wp-embedded-content\" data-secret=\"VD1KYYouFu\"><a href=\"https:\/\/qkilpos.net\/?p=180\">Kvietimas dalyvauti mokymuose \u201eKult\u016bra gr\u012fstas vietos k\u016brimas ir gerinimas\u201c<\/a><\/blockquote><iframe class=\"wp-embedded-content\" sandbox=\"allow-scripts\" security=\"restricted\" style=\"position: absolute; clip: rect(1px, 1px, 1px, 1px);\" title=\"&#8220;Kvietimas dalyvauti mokymuose \u201eKult\u016bra gr\u012fstas vietos k\u016brimas ir gerinimas\u201c&#8221; &#8212; qkilpos.net\" src=\"https:\/\/qkilpos.net\/?p=180&#038;embed=true#?secret=v6RtHhJstZ#?secret=VD1KYYouFu\" data-secret=\"VD1KYYouFu\" width=\"500\" height=\"282\" frameborder=\"0\" marginwidth=\"0\" marginheight=\"0\" scrolling=\"no\"><\/iframe>\n<\/div><\/figure>\n\n\n\n<figure class=\"wp-block-embed is-type-wp-embed is-provider-qkilpos-net wp-block-embed-qkilpos-net\"><div class=\"wp-block-embed__wrapper\">\n<blockquote class=\"wp-embedded-content\" data-secret=\"UQWHCckLrz\"><a href=\"https:\/\/qkilpos.net\/?p=295\">Upsell News: Nauja prad\u017eia<\/a><\/blockquote><iframe class=\"wp-embedded-content\" sandbox=\"allow-scripts\" security=\"restricted\" style=\"position: absolute; clip: rect(1px, 1px, 1px, 1px);\" title=\"&#8220;Upsell News: Nauja prad\u017eia&#8221; &#8212; qkilpos.net\" src=\"https:\/\/qkilpos.net\/?p=295&#038;embed=true#?secret=wOZxwqjAmP#?secret=UQWHCckLrz\" data-secret=\"UQWHCckLrz\" width=\"500\" height=\"282\" frameborder=\"0\" marginwidth=\"0\" marginheight=\"0\" scrolling=\"no\"><\/iframe>\n<\/div><\/figure>\n\n\n\n<figure class=\"wp-block-embed is-type-wp-embed is-provider-qkilpos-net wp-block-embed-qkilpos-net\"><div class=\"wp-block-embed__wrapper\">\n<blockquote class=\"wp-embedded-content\" data-secret=\"BEI7N0oJU0\"><a href=\"https:\/\/qkilpos.net\/?p=289\">Upsell News: Pirmasis susitikimas<\/a><\/blockquote><iframe class=\"wp-embedded-content\" sandbox=\"allow-scripts\" security=\"restricted\" style=\"position: absolute; clip: rect(1px, 1px, 1px, 1px);\" title=\"&#8220;Upsell News: Pirmasis susitikimas&#8221; &#8212; qkilpos.net\" src=\"https:\/\/qkilpos.net\/?p=289&#038;embed=true#?secret=PIUETk2VTx#?secret=BEI7N0oJU0\" data-secret=\"BEI7N0oJU0\" width=\"500\" height=\"282\" frameborder=\"0\" marginwidth=\"0\" marginheight=\"0\" scrolling=\"no\"><\/iframe>\n<\/div><\/figure>\n\n\n\n<figure class=\"wp-block-embed is-type-wp-embed is-provider-qkilpos-net wp-block-embed-qkilpos-net\"><div class=\"wp-block-embed__wrapper\">\n<blockquote class=\"wp-embedded-content\" data-secret=\"YX1sUvGuHT\"><a href=\"https:\/\/qkilpos.net\/?p=276\">Upsell News: Veikimas kartu<\/a><\/blockquote><iframe class=\"wp-embedded-content\" sandbox=\"allow-scripts\" security=\"restricted\" style=\"position: absolute; clip: rect(1px, 1px, 1px, 1px);\" title=\"&#8220;Upsell News: Veikimas kartu&#8221; &#8212; qkilpos.net\" src=\"https:\/\/qkilpos.net\/?p=276&#038;embed=true#?secret=Yo0Dkw0aLh#?secret=YX1sUvGuHT\" data-secret=\"YX1sUvGuHT\" width=\"500\" height=\"282\" frameborder=\"0\" marginwidth=\"0\" marginheight=\"0\" scrolling=\"no\"><\/iframe>\n<\/div><\/figure>\n\n\n\n<figure class=\"wp-block-embed is-type-wp-embed is-provider-qkilpos-net wp-block-embed-qkilpos-net\"><div class=\"wp-block-embed__wrapper\">\n<blockquote class=\"wp-embedded-content\" data-secret=\"UONnPmHYH6\"><a href=\"https:\/\/qkilpos.net\/?p=204\">Upsell News: Pilotiniai renginiai<\/a><\/blockquote><iframe class=\"wp-embedded-content\" sandbox=\"allow-scripts\" security=\"restricted\" style=\"position: absolute; clip: rect(1px, 1px, 1px, 1px);\" title=\"&#8220;Upsell News: Pilotiniai renginiai&#8221; &#8212; qkilpos.net\" src=\"https:\/\/qkilpos.net\/?p=204&#038;embed=true#?secret=j0hSLXMV8y#?secret=UONnPmHYH6\" data-secret=\"UONnPmHYH6\" width=\"500\" height=\"282\" frameborder=\"0\" marginwidth=\"0\" marginheight=\"0\" scrolling=\"no\"><\/iframe>\n<\/div><\/figure>\n\n\n\n<figure class=\"wp-block-embed is-type-wp-embed is-provider-qkilpos-net wp-block-embed-qkilpos-net\"><div class=\"wp-block-embed__wrapper\">\n<blockquote class=\"wp-embedded-content\" data-secret=\"SlDklxFk0q\"><a href=\"https:\/\/qkilpos.net\/?p=259\">Upsell News: Vizitas Slov\u0117nijoje<\/a><\/blockquote><iframe class=\"wp-embedded-content\" sandbox=\"allow-scripts\" security=\"restricted\" style=\"position: absolute; clip: rect(1px, 1px, 1px, 1px);\" title=\"&#8220;Upsell News: Vizitas Slov\u0117nijoje&#8221; &#8212; qkilpos.net\" src=\"https:\/\/qkilpos.net\/?p=259&#038;embed=true#?secret=Q1f0kvi13h#?secret=SlDklxFk0q\" data-secret=\"SlDklxFk0q\" width=\"500\" height=\"282\" frameborder=\"0\" marginwidth=\"0\" marginheight=\"0\" scrolling=\"no\"><\/iframe>\n<\/div><\/figure>\n\n\n\n\n\n<figure class=\"wp-block-embed is-type-wp-embed is-provider-qkilpos-net wp-block-embed-qkilpos-net\"><div class=\"wp-block-embed__wrapper\">\n<blockquote class=\"wp-embedded-content\" data-secret=\"fyYDZLL673\"><a href=\"https:\/\/qkilpos.net\/?p=302\">Upsell News: Fini\u0161o tiesioji<\/a><\/blockquote><iframe class=\"wp-embedded-content\" sandbox=\"allow-scripts\" security=\"restricted\" style=\"position: absolute; clip: rect(1px, 1px, 1px, 1px);\" title=\"&#8220;Upsell News: Fini\u0161o tiesioji&#8221; &#8212; qkilpos.net\" src=\"https:\/\/qkilpos.net\/?p=302&#038;embed=true#?secret=0j5Iz7IJgc#?secret=fyYDZLL673\" data-secret=\"fyYDZLL673\" width=\"500\" height=\"282\" frameborder=\"0\" marginwidth=\"0\" marginheight=\"0\" scrolling=\"no\"><\/iframe>\n<\/div><\/figure>\n\n\n\n<figure class=\"wp-block-embed is-type-wp-embed is-provider-qkilpos-net wp-block-embed-qkilpos-net\"><div class=\"wp-block-embed__wrapper\">\n<blockquote class=\"wp-embedded-content\" data-secret=\"lut46JRcEH\"><a href=\"https:\/\/qkilpos.net\/?p=311\">Upsell News: Pabaiga<\/a><\/blockquote><iframe class=\"wp-embedded-content\" sandbox=\"allow-scripts\" security=\"restricted\" style=\"position: absolute; clip: rect(1px, 1px, 1px, 1px);\" title=\"&#8220;Upsell News: Pabaiga&#8221; &#8212; qkilpos.net\" src=\"https:\/\/qkilpos.net\/?p=311&#038;embed=true#?secret=XrtU3wEQUX#?secret=lut46JRcEH\" data-secret=\"lut46JRcEH\" width=\"500\" height=\"282\" frameborder=\"0\" marginwidth=\"0\" marginheight=\"0\" scrolling=\"no\"><\/iframe>\n<\/div><\/figure>\n","protected":false},"excerpt":{"rendered":"","protected":false},"author":1,"featured_media":0,"parent":0,"menu_order":0,"comment_status":"closed","ping_status":"closed","template":"","meta":{"om_disable_all_campaigns":false,"_monsterinsights_skip_tracking":false,"_monsterinsights_sitenote_active":false,"_monsterinsights_sitenote_note":"","_monsterinsights_sitenote_category":0},"aioseo_notices":[],"_links":{"self":[{"href":"https:\/\/qkilpos.net\/index.php?rest_route=\/wp\/v2\/pages\/176"}],"collection":[{"href":"https:\/\/qkilpos.net\/index.php?rest_route=\/wp\/v2\/pages"}],"about":[{"href":"https:\/\/qkilpos.net\/index.php?rest_route=\/wp\/v2\/types\/page"}],"author":[{"embeddable":true,"href":"https:\/\/qkilpos.net\/index.php?rest_route=\/wp\/v2\/users\/1"}],"replies":[{"embeddable":true,"href":"https:\/\/qkilpos.net\/index.php?rest_route=%2Fwp%2Fv2%2Fcomments&post=176"}],"version-history":[{"count":17,"href":"https:\/\/qkilpos.net\/index.php?rest_route=\/wp\/v2\/pages\/176\/revisions"}],"predecessor-version":[{"id":314,"href":"https:\/\/qkilpos.net\/index.php?rest_route=\/wp\/v2\/pages\/176\/revisions\/314"}],"wp:attachment":[{"href":"https:\/\/qkilpos.net\/index.php?rest_route=%2Fwp%2Fv2%2Fmedia&parent=176"}],"curies":[{"name":"wp","href":"https:\/\/api.w.org\/{rel}","templated":true}]}}